{"id":2,"date":"2022-01-04T13:11:25","date_gmt":"2022-01-04T13:11:25","guid":{"rendered":"https:\/\/racunalnica.si\/?page_id=2"},"modified":"2022-01-13T20:13:59","modified_gmt":"2022-01-13T19:13:59","slug":"sample-page","status":"publish","type":"page","link":"https:\/\/racunalnica.si\/","title":{"rendered":"Malo smu\u010di\u0161\u010de tik nad Bohinjsko Bistrico"},"content":{"rendered":"\n<div class=\"wp-block-image is-style-default\"><figure class=\"aligncenter\"><img loading=\"lazy\" decoding=\"async\" width=\"1024\" height=\"567\" src=\"https:\/\/racunalnica.si\/wp-content\/uploads\/2022\/01\/kozji-hrbet-1024x567.jpg\" alt=\"Smu\u010di\u0161\u010de Kozji hrbet v Bohinju s pogledom na Julijske Alpe\" class=\"wp-image-23\" srcset=\"https:\/\/racunalnica.si\/wp-content\/uploads\/2022\/01\/kozji-hrbet-1024x567.jpg 1024w, https:\/\/racunalnica.si\/wp-content\/uploads\/2022\/01\/kozji-hrbet-300x166.jpg 300w, https:\/\/racunalnica.si\/wp-content\/uploads\/2022\/01\/kozji-hrbet-768x426.jpg 768w, https:\/\/racunalnica.si\/wp-content\/uploads\/2022\/01\/kozji-hrbet.jpg 1200w\" sizes=\"auto, (max-width: 1024px) 100vw, 1024px\" \/><figcaption>Smu\u010di\u0161\u010de Kozji hrbet v Bohinju<\/figcaption><\/figure><\/div>\n\n\n\n<h3 class=\"wp-block-heading\">Kamera v \u017eivo<\/h3>\n\n\n\n<style>.embed-container { position: relative; padding-bottom: 56.25%; height: 0; overflow: hidden; max-width: 100%; margin-bottom: 50px;} .embed-container iframe, .embed-container object, .embed-container embed { position: absolute; top: 0; left: 0; width: 100%; height: 100%; }<\/style>\n\n<div class=\"embed-container\"><iframe style=\"border: 0;\" src=\"https:\/\/www.whatsupcams.com\/wgt\/si_kozjihrbet01\" frameborder=\"0\" marginwidth=\"0\" marginheight=\"0\" scrolling=\"no\" allowfullscreen=\"allowfullscreen\">\n\n<\/iframe><\/div>\n\n\n\n\n<h2 class=\"wp-block-heading\" id=\"cenik\">Cenik<\/h2>\n\n\n\n<div class=\"wp-block-columns is-layout-flex wp-container-core-columns-is-layout-9d6595d7 wp-block-columns-is-layout-flex\">\n<div class=\"wp-block-column is-layout-flow wp-block-column-is-layout-flow\">\n<h4 class=\"wp-block-heading\">Dnevna vozovnica<\/h4>\n\n\n\n<ul class=\"wp-block-list\"><li>Otroci (6 &#8211; 14,99 let): 10,00 \u20ac<\/li><li>Mladina (15 &#8211; 23,99 let): 13,50 \u20ac<\/li><li>Odrasli (24 &#8211; 59,99 let): <strong>15,00 \u20ac<\/strong><\/li><li>Seniorji (60 let in ve\u010d): 13,50 \u20ac<\/li><\/ul>\n<\/div>\n\n\n\n<div class=\"wp-block-column is-layout-flow wp-block-column-is-layout-flow\">\n<h4 class=\"wp-block-heading\">2-urna<\/h4>\n\n\n\n<ul class=\"wp-block-list\"><li>Otroci (6 &#8211; 14,99 let): 8,00 \u20ac<\/li><li>Mladina (15 &#8211; 23,99 let): 11,00 \u20ac<\/li><li>Odrasli (24 &#8211; 59,99 let): <strong>13,00 \u20ac<\/strong><\/li><li>Seniorji (60 let in ve\u010d): 11,00 \u20ac<\/li><\/ul>\n<\/div>\n\n\n\n<div class=\"wp-block-column is-layout-flow wp-block-column-is-layout-flow\">\n<h4 class=\"wp-block-heading\">Sezonska<\/h4>\n\n\n\n<ul class=\"wp-block-list\"><li>Otroci (6 &#8211; 14,99 let): 120,00 \u20ac<\/li><li>Mladina (15 &#8211; 23,99 let): 162,00 \u20ac<\/li><li>Odrasli (24 &#8211; 59,99 let): <strong>180,00 \u20ac<\/strong><\/li><li>Seniorji (60 let in ve\u010d): 162,00 \u20ac<\/li><\/ul>\n<\/div>\n<\/div>\n\n\n\n<div class=\"wp-block-columns is-layout-flex wp-container-core-columns-is-layout-9d6595d7 wp-block-columns-is-layout-flex\">\n<div class=\"wp-block-column is-layout-flow wp-block-column-is-layout-flow\">\n<h4 class=\"wp-block-heading\">2-dnevna<\/h4>\n\n\n\n<ul class=\"wp-block-list\"><li>Otroci (6 &#8211; 14,99 let): 18,00 \u20ac<\/li><li>Mladina (15 &#8211; 23,99 let): 24,50 \u20ac<\/li><li>Odrasli (24 &#8211; 59,99 let): <strong>27,00 \u20ac<\/strong><\/li><li>Seniorji (60 let in ve\u010d): 24,50 \u20ac<\/li><\/ul>\n<\/div>\n\n\n\n<div class=\"wp-block-column is-layout-flow wp-block-column-is-layout-flow\">\n<h4 class=\"wp-block-heading\">3-dnevna<\/h4>\n\n\n\n<ul class=\"wp-block-list\"><li>Otroci (6 &#8211; 14,99 let): 27,00 \u20ac<\/li><li>Mladina (15 &#8211; 23,99 let): 36,50 \u20ac<\/li><li>Odrasli (24 &#8211; 59,99 let): <strong>40,50 \u20ac<\/strong><\/li><li>Seniorji (60 let in ve\u010d): 36,50 \u20ac<\/li><\/ul>\n<\/div>\n\n\n\n<div class=\"wp-block-column is-layout-flow wp-block-column-is-layout-flow\">\n<h4 class=\"wp-block-heading\">4-dnevna<\/h4>\n\n\n\n<ul class=\"wp-block-list\"><li>Otroci (6 &#8211; 14,99 let): 36,00 \u20ac<\/li><li>Mladina (15 &#8211; 23,99 let): 48,50 \u20ac<\/li><li>Odrasli (24 &#8211; 59,99 let): <strong>54,00 \u20ac<\/strong><\/li><li>Seniorji (60 let in ve\u010d): 48,50 \u20ac<\/li><\/ul>\n<\/div>\n<\/div>\n\n\n\n<div class=\"wp-block-columns is-layout-flex wp-container-core-columns-is-layout-9d6595d7 wp-block-columns-is-layout-flex\">\n<div class=\"wp-block-column is-layout-flow wp-block-column-is-layout-flow\">\n<h4 class=\"wp-block-heading\">5-dnevna<\/h4>\n\n\n\n<ul class=\"wp-block-list\"><li>Otroci (6 &#8211; 14,99 let): 45,00 \u20ac<\/li><li>Mladina (15 &#8211; 23,99 let): 60,50 \u20ac<\/li><li>Odrasli (24 &#8211; 59,99 let): <strong>67,50 \u20ac<\/strong><\/li><li>Seniorji (60 let in ve\u010d): 60,50 \u20ac<\/li><\/ul>\n<\/div>\n\n\n\n<div class=\"wp-block-column is-layout-flow wp-block-column-is-layout-flow\">\n<h4 class=\"wp-block-heading\">6-dnevna<\/h4>\n\n\n\n<ul class=\"wp-block-list\"><li>Otroci (6 &#8211; 14,99 let): 54,00 \u20ac<\/li><li>Mladina (15 &#8211; 23,99 let): 72,50 \u20ac<\/li><li>Odrasli (24 &#8211; 59,99 let): <strong>81,00 \u20ac<\/strong><\/li><li>Seniorji (60 let in ve\u010d): 72,50 \u20ac<\/li><\/ul>\n<\/div>\n<\/div>\n\n\n\n<p>V vse cene je vklju\u010den 9,5% DDV. Kavcija za \u010dip kartico zna\u0161a 3 \u20ac\/karto.<\/p>\n\n\n\n<h2 class=\"wp-block-heading\">Lokacija<\/h2>\n\n\n\n<iframe src=\"https:\/\/www.google.com\/maps\/embed?pb=!1m18!1m12!1m3!1d22063.7492630007!2d13.914956774974025!3d46.27072715190018!2m3!1f0!2f0!3f0!3m2!1i1024!2i768!4f13.1!3m3!1m2!1s0x477aed5986379803%3A0x4d0be60629bd587b!2sCesta%20na%20Ravne%207%2C%204264%20Bohinjska%20Bistrica!5e0!3m2!1ssl!2ssi!4v1641387396872!5m2!1ssl!2ssi\" width=\"100%\" height=\"450\" style=\"border:0;\" allowfullscreen=\"\" loading=\"lazy\"><\/iframe>\n\n\n\n<h2 class=\"wp-block-heading\" id=\"osnovniPodatki\">Podatki o smu\u010darski progi<\/h2>\n\n\n\n<ul class=\"wp-block-list\"><li>Te\u017eavnost proge: modra (lahka).<\/li><li>Dol\u017eina proge: 440 m.<\/li><\/ul>\n\n\n\n<h2 class=\"wp-block-heading\">Podatki o \u017ei\u010dni\u0161ki napravi<\/h2>\n\n\n\n<ul class=\"wp-block-list\"><li>Nadmorska vi\u0161ina zgornje postaje: 633 m.<\/li><li>Nadmorska vi\u0161ina spodnjepostaje: 555 m.<\/li><li>Vi\u0161inska razlika: 78 m.<\/li><li>Horizontalna dol\u017eina naprave: 433 m.<\/li><li>Po\u0161evna dol\u017eina naprave: 443 m.<\/li><li>Povpre\u010dni naklon: 17 %.<\/li><li>Maksimalni naklon: 39 %.<\/li><li>\u0160tevilo stebrov: 8.<\/li><li>\u0160irina trase: 2,5 m.<\/li><\/ul>\n\n\n\n<h2 class=\"wp-block-heading\">Pogon<\/h2>\n\n\n\n<ul class=\"wp-block-list\"><li>Lega: spodaj.<\/li><li>Sistem pogona: Preko reduktorja.<\/li><li>Mo\u010d motorja: 65 kW.<\/li><\/ul>\n\n\n\n<h2 class=\"wp-block-heading\">Napenjalna naprava<\/h2>\n\n\n\n<ul class=\"wp-block-list\"><li>Vrsta in lega: Ute\u017e na zgornji postaji.<\/li><li>Vrsta vla\u010dila: sidra.<\/li><li>\u0160tevilo sider: 36.<\/li><li>Kapaciteta: 800 oseb.<\/li><li>Nazivna hitrost vo\u017enje: 2,8 m\/s.<\/li><li>\u010cas vo\u017enje: 2,38 min.<\/li><li>Kapaciteta: 800 oseb na uro.<\/li><\/ul>\n\n\n\n<h2 class=\"wp-block-heading\" id=\"kontakti\">Kontaktni podatki<\/h2>\n\n\n\n<div class=\"wp-block-columns is-layout-flex wp-container-core-columns-is-layout-9d6595d7 wp-block-columns-is-layout-flex\">\n<div class=\"wp-block-column is-layout-flow wp-block-column-is-layout-flow\">\n<h5 class=\"wp-block-heading\">Naslov: <\/h5>\n\n\n\n<p>Cesta na Ravne 7,<br>4264 Bohinjska Bistrica<\/p>\n<\/div>\n\n\n\n<div class=\"wp-block-column is-layout-flow wp-block-column-is-layout-flow\">\n<h5 class=\"wp-block-heading\">Podjetje:<\/h5>\n\n\n\n<p>2864 BOHINJ, \u0161portne dejavnosti, d.o.o.,<br>Triglavska cesta 17,<br>4264 Bohinjska Bistrica<br>Dav\u010dna \u0161t.: 88590585<\/p>\n<\/div>\n<\/div>\n\n\n\n<h5 class=\"wp-block-heading\">Kontakt:<\/h5>\n\n\n\n<p><a href=\"mailto:kozji.hrbet@gmail.com\" data-type=\"mailto\" data-id=\"mailto:kozji.hrbet@gmail.com\">kozji.hrbet@gmail.com<\/a><\/p>\n\n\n\n<p>GSM: <a rel=\"noreferrer noopener\" href=\"tel:041465504\" data-type=\"tel\" data-id=\"tel:041465504\" target=\"_blank\">041 465 504<\/a> (Igor)<\/p>\n\n\n\n<p><\/p>\n","protected":false},"excerpt":{"rendered":"<p>Kamera v \u017eivo Cenik Dnevna vozovnica Otroci (6 &#8211; 14,99 let): 10,00 \u20ac Mladina (15 &#8211; 23,99 let): 13,50 \u20ac Odrasli (24 &#8211; 59,99 let): 15,00 \u20ac Seniorji (60 let in ve\u010d): 13,50 \u20ac 2-urna Otroci (6 &#8211; 14,99 let): 8,00 \u20ac Mladina (15 &#8211; 23,99 let): 11,00 \u20ac Odrasli (24 &#8211; 59,99 let): 13,00 &hellip;<\/p>\n<p class=\"read-more\"> <a class=\"\" href=\"https:\/\/racunalnica.si\/\"> <span class=\"screen-reader-text\">Malo smu\u010di\u0161\u010de tik nad Bohinjsko Bistrico<\/span> Read More &raquo;<\/a><\/p>\n","protected":false},"author":1,"featured_media":0,"parent":0,"menu_order":0,"comment_status":"closed","ping_status":"open","template":"","meta":{"site-sidebar-layout":"default","site-content-layout":"default","ast-main-header-display":"","ast-hfb-above-header-display":"","ast-hfb-below-header-display":"","ast-hfb-mobile-header-display":"","site-post-title":"","ast-breadcrumbs-content":"","ast-featured-img":"","footer-sml-layout":"","theme-transparent-header-meta":"","adv-header-id-meta":"","stick-header-meta":"","header-above-stick-meta":"","header-main-stick-meta":"","header-below-stick-meta":"","footnotes":""},"class_list":["post-2","page","type-page","status-publish","hentry"],"_links":{"self":[{"href":"https:\/\/racunalnica.si\/index.php\/wp-json\/wp\/v2\/pages\/2","targetHints":{"allow":["GET"]}}],"collection":[{"href":"https:\/\/racunalnica.si\/index.php\/wp-json\/wp\/v2\/pages"}],"about":[{"href":"https:\/\/racunalnica.si\/index.php\/wp-json\/wp\/v2\/types\/page"}],"author":[{"embeddable":true,"href":"https:\/\/racunalnica.si\/index.php\/wp-json\/wp\/v2\/users\/1"}],"replies":[{"embeddable":true,"href":"https:\/\/racunalnica.si\/index.php\/wp-json\/wp\/v2\/comments?post=2"}],"version-history":[{"count":36,"href":"https:\/\/racunalnica.si\/index.php\/wp-json\/wp\/v2\/pages\/2\/revisions"}],"predecessor-version":[{"id":73,"href":"https:\/\/racunalnica.si\/index.php\/wp-json\/wp\/v2\/pages\/2\/revisions\/73"}],"wp:attachment":[{"href":"https:\/\/racunalnica.si\/index.php\/wp-json\/wp\/v2\/media?parent=2"}],"curies":[{"name":"wp","href":"https:\/\/api.w.org\/{rel}","templated":true}]}}