{"id":38,"date":"2022-01-05T13:00:42","date_gmt":"2022-01-05T13:00:42","guid":{"rendered":"https:\/\/racunalnica.si\/?page_id=38"},"modified":"2022-01-05T13:00:42","modified_gmt":"2022-01-05T13:00:42","slug":"podporniki-smucisca","status":"publish","type":"page","link":"https:\/\/racunalnica.si\/index.php\/podporniki-smucisca\/","title":{"rendered":"Podporniki smu\u010di\u0161\u010da"},"content":{"rendered":"\n<p>Smu\u010di\u0161\u010de podpirajo:<\/p>\n\n\n\n<p>Mej-se d. o. o. &#8211; <a href=\"https:\/\/racunalnica.si\" data-type=\"URL\" data-id=\"https:\/\/racunalnica.si\">racunalnica.si<\/a><\/p>\n","protected":false},"excerpt":{"rendered":"<p>Smu\u010di\u0161\u010de podpirajo: Mej-se d. o. o. &#8211; racunalnica.si<\/p>\n","protected":false},"author":1,"featured_media":0,"parent":0,"menu_order":0,"comment_status":"closed","ping_status":"closed","template":"","meta":{"site-sidebar-layout":"default","site-content-layout":"default","ast-main-header-display":"","ast-hfb-above-header-display":"","ast-hfb-below-header-display":"","ast-hfb-mobile-header-display":"","site-post-title":"","ast-breadcrumbs-content":"","ast-featured-img":"","footer-sml-layout":"","theme-transparent-header-meta":"","adv-header-id-meta":"","stick-header-meta":"","header-above-stick-meta":"","header-main-stick-meta":"","header-below-stick-meta":"","footnotes":""},"class_list":["post-38","page","type-page","status-publish","hentry"],"_links":{"self":[{"href":"https:\/\/racunalnica.si\/index.php\/wp-json\/wp\/v2\/pages\/38","targetHints":{"allow":["GET"]}}],"collection":[{"href":"https:\/\/racunalnica.si\/index.php\/wp-json\/wp\/v2\/pages"}],"about":[{"href":"https:\/\/racunalnica.si\/index.php\/wp-json\/wp\/v2\/types\/page"}],"author":[{"embeddable":true,"href":"https:\/\/racunalnica.si\/index.php\/wp-json\/wp\/v2\/users\/1"}],"replies":[{"embeddable":true,"href":"https:\/\/racunalnica.si\/index.php\/wp-json\/wp\/v2\/comments?post=38"}],"version-history":[{"count":1,"href":"https:\/\/racunalnica.si\/index.php\/wp-json\/wp\/v2\/pages\/38\/revisions"}],"predecessor-version":[{"id":39,"href":"https:\/\/racunalnica.si\/index.php\/wp-json\/wp\/v2\/pages\/38\/revisions\/39"}],"wp:attachment":[{"href":"https:\/\/racunalnica.si\/index.php\/wp-json\/wp\/v2\/media?parent=38"}],"curies":[{"name":"wp","href":"https:\/\/api.w.org\/{rel}","templated":true}]}}